{"id":1083,"date":"2024-10-25T10:58:02","date_gmt":"2024-10-25T07:58:02","guid":{"rendered":"https:\/\/southpoint.fi\/?page_id=1083"},"modified":"2026-01-02T16:32:17","modified_gmt":"2026-01-02T14:32:17","slug":"south-point-accounting","status":"publish","type":"page","link":"https:\/\/southpoint.fi\/","title":{"rendered":"South Point Accounting"},"content":{"rendered":"\n<div class=\"wp-block-getwid-section alignfull alignfull getwid-section-content-custom-width\"><div class=\"wp-block-getwid-section__wrapper getwid-padding-top-large getwid-padding-bottom-large getwid-padding-left-medium getwid-padding-right-medium\" style=\"min-height:70vh\"><div class=\"wp-block-getwid-section__inner-wrapper\" style=\"max-width:1140px\"><div class=\"wp-block-getwid-section__background-holder\"><div class=\"wp-block-getwid-section__background\" style=\"background-image:url('https:\/\/cgw.motopress.com\/wp-content\/uploads\/2019\/11\/background-14.jpg')\"><div class=\"wp-block-getwid-section__background-image-wrapper\"><img decoding=\"async\" class=\"wp-block-getwid-section__background-image\" src=\"https:\/\/cgw.motopress.com\/wp-content\/uploads\/2019\/11\/background-14.jpg\" alt=\"\"\/><\/div><\/div><div class=\"wp-block-getwid-section__foreground\" style=\"opacity:0.6;background-color:#000000\"><\/div><\/div><div class=\"wp-block-getwid-section__content\"><div class=\"wp-block-getwid-section__inner-content\">\n<div class=\"wp-block-getwid-advanced-heading\" style=\"margin-bottom:0px;margin-top:0px\"><span class=\"wp-block-getwid-advanced-heading__content has-text-color\" style=\"text-align:center;color:#ffffff\">Our services<\/span><\/div>\n\n\n\n<div class=\"wp-block-getwid-advanced-heading\" style=\"margin-bottom:30px;margin-top:10px\"><h2 class=\"wp-block-getwid-advanced-heading__content has-text-color\" style=\"text-align:center;color:#ffffff\">The Solutions We Offer<\/h2><\/div>\n\n\n\n<p class=\"has-text-align-center has-text-color\" style=\"color:#ffffff\">Professional accounting services for small businesses and start-ups<\/p>\n\n\n\n<div class=\"wp-block-getwid-advanced-spacer\" style=\"height:40px\" aria-hidden=\"true\"><\/div>\n\n\n\n<div class=\"wp-block-columns has-3-columns is-layout-flex wp-container-core-columns-is-layout-9d6595d7 wp-block-columns-is-layout-flex\">\n<div class=\"wp-block-column is-layout-flow wp-block-column-is-layout-flow\">\n<div class=\"wp-block-getwid-section\"><div class=\"wp-block-getwid-section__wrapper\"><div class=\"wp-block-getwid-section__inner-wrapper\"><div class=\"wp-block-getwid-section__background-holder\"><div class=\"wp-block-getwid-section__background has-background\" style=\"background-color:#ffffff\"><\/div><div class=\"wp-block-getwid-section__foreground\"><\/div><\/div><div class=\"wp-block-getwid-section__content\"><div class=\"wp-block-getwid-section__inner-content\">\n<div class=\"wp-block-getwid-icon-box has-text-center\"><div class=\"wp-block-getwid-icon-box__icon-container is-position-top\"><div class=\"wp-block-getwid-icon-box__icon-wrapper has-text-color has-dark-blue-color\" style=\"font-size:36px;padding:0px\"><i class=\"far fa-bell\"><\/i><\/div><\/div><div class=\"wp-block-getwid-icon-box__content\">\n<div class=\"wp-block-getwid-advanced-heading\"><h3 class=\"wp-block-getwid-advanced-heading__content\">Palvelut suomeksi<\/h3><\/div>\n\n\n\n<p class=\"has-small-font-size\">Kirjanpito, verosuunnittelu ja E-asiakirjat<\/p>\n\n\n\n<p>South Point Accounting &amp; Procountor smart accounting palvelumalli &#8211; Kirjanpito kuukausittain tai kvartaaleittain. &#8211; Palkkahallinto &#8211; Tilinp\u00e4\u00e4t\u00f6s ja tuloveroilmoitus &#8211; Talousraportointi Procountorissa. Suositus budjetointi- ja myyntiraporteille!<\/p>\n\n\n\n<p>Tilinp\u00e4\u00e4t\u00f6s ja verosuunnittelu  Hallinnon E-asiakirjojen laadinta  Procountor allekirjoitus<\/p>\n<\/div><\/div>\n<\/div><\/div><\/div><\/div><\/div>\n<\/div>\n\n\n\n<div class=\"wp-block-column is-layout-flow wp-block-column-is-layout-flow\">\n<div class=\"wp-block-getwid-section\"><div class=\"wp-block-getwid-section__wrapper\"><div class=\"wp-block-getwid-section__inner-wrapper\"><div class=\"wp-block-getwid-section__background-holder\"><div class=\"wp-block-getwid-section__background has-background\" style=\"background-color:#ffffff\"><\/div><div class=\"wp-block-getwid-section__foreground\"><\/div><\/div><div class=\"wp-block-getwid-section__content\"><div class=\"wp-block-getwid-section__inner-content\">\n<div class=\"wp-block-getwid-icon-box has-text-center\"><div class=\"wp-block-getwid-icon-box__icon-container is-position-top\"><div class=\"wp-block-getwid-icon-box__icon-wrapper has-text-color has-dark-blue-color\" style=\"font-size:36px;padding:0px\"><i class=\"far fa-comment\"><\/i><\/div><\/div><div class=\"wp-block-getwid-icon-box__content\">\n<div class=\"wp-block-getwid-advanced-heading\"><h3 class=\"wp-block-getwid-advanced-heading__content\">Services in english<\/h3><\/div>\n\n\n\n<p class=\"has-small-font-size\">Accounting services, budgeting and E-documents<\/p>\n\n\n\n<p>South Point Accounting &amp; Procountor smart accounting service model &#8211; Accounting on a monthly or quarterly basis &#8211; Payroll administration &#8211; Financial statement and tax return &#8211; Financial reporting in Procountor. Recommendation for budgeting and sales reports! <\/p>\n\n\n\n<p>Financial statements and tax planning Preparation of administrative E-documents &#8211; Procountor signature<\/p>\n<\/div><\/div>\n<\/div><\/div><\/div><\/div><\/div>\n<\/div>\n\n\n\n<div class=\"wp-block-column is-layout-flow wp-block-column-is-layout-flow\">\n<div class=\"wp-block-getwid-section\"><div class=\"wp-block-getwid-section__wrapper\"><div class=\"wp-block-getwid-section__inner-wrapper\"><div class=\"wp-block-getwid-section__background-holder\"><div class=\"wp-block-getwid-section__background has-background\" style=\"background-color:#ffffff\"><\/div><div class=\"wp-block-getwid-section__foreground\"><\/div><\/div><div class=\"wp-block-getwid-section__content\"><div class=\"wp-block-getwid-section__inner-content\">\n<div class=\"wp-block-getwid-icon-box has-text-center\"><div class=\"wp-block-getwid-icon-box__icon-container is-position-top\"><div class=\"wp-block-getwid-icon-box__icon-wrapper has-text-color has-dark-blue-color\" style=\"font-size:36px;padding:0px\"><i class=\"far fa-lightbulb\"><\/i><\/div><\/div><div class=\"wp-block-getwid-icon-box__content\">\n<div class=\"wp-block-getwid-advanced-heading\"><h3 class=\"wp-block-getwid-advanced-heading__content\">Tj\u00e4nster p\u00e5 svenska<\/h3><\/div>\n\n\n\n<p class=\"has-small-font-size\">Redovisningstj\u00e4nster, budgetering och E-dokument<\/p>\n\n\n\n<p>South Point Accounting &amp; Procountor smarta redovisningsmodell &#8211; Redovisning p\u00e5 m\u00e5nads- eller kvartalsbasis &#8211; L\u00f6neadministration &#8211; Bokslut och skattedeklaration &#8211; Finansiell rapportering i Procountor. Rekommendation f\u00f6r budgetering och f\u00f6rs\u00e4ljningsrapporter!<\/p>\n\n\n\n<p>Bokslut och skatteplanering &#8211; Uppr\u00e4ttande av administrativa E-dokument &#8211; Procountor-signatur<\/p>\n<\/div><\/div>\n<\/div><\/div><\/div><\/div><\/div>\n<\/div>\n<\/div>\n<\/div><\/div><\/div><\/div><\/div>\n\n\n\n<p><strong>South Point Accounting<\/strong><\/p>\n\n\n\n<p>Contact: +358 400 818 201 e-mail: info@southpoint.fi<\/p>\n\n\n\n<p>Y-tunnus: 3209823-3<\/p>\n\n\n\n<p>Marssirummuntie 13, 90670 Oulu  \/  Sipoonkatu 4 A 2, 00520 Helsinki<\/p>\n","protected":false},"excerpt":{"rendered":"<p>South Point Accounting Contact: +358 400 818 201 e-mail: info@southpoint.fi Y-tunnus: 3209823-3 Marssirummuntie 13, 90670 Oulu \/ Sipoonkatu 4 A 2, 00520 Helsinki<\/p>\n","protected":false},"author":1,"featured_media":0,"parent":0,"menu_order":0,"comment_status":"closed","ping_status":"closed","template":"","meta":{"footnotes":""},"class_list":["post-1083","page","type-page","status-publish","hentry"],"_links":{"self":[{"href":"https:\/\/southpoint.fi\/index.php?rest_route=\/wp\/v2\/pages\/1083","targetHints":{"allow":["GET"]}}],"collection":[{"href":"https:\/\/southpoint.fi\/index.php?rest_route=\/wp\/v2\/pages"}],"about":[{"href":"https:\/\/southpoint.fi\/index.php?rest_route=\/wp\/v2\/types\/page"}],"author":[{"embeddable":true,"href":"https:\/\/southpoint.fi\/index.php?rest_route=\/wp\/v2\/users\/1"}],"replies":[{"embeddable":true,"href":"https:\/\/southpoint.fi\/index.php?rest_route=%2Fwp%2Fv2%2Fcomments&post=1083"}],"version-history":[{"count":14,"href":"https:\/\/southpoint.fi\/index.php?rest_route=\/wp\/v2\/pages\/1083\/revisions"}],"predecessor-version":[{"id":1110,"href":"https:\/\/southpoint.fi\/index.php?rest_route=\/wp\/v2\/pages\/1083\/revisions\/1110"}],"wp:attachment":[{"href":"https:\/\/southpoint.fi\/index.php?rest_route=%2Fwp%2Fv2%2Fmedia&parent=1083"}],"curies":[{"name":"wp","href":"https:\/\/api.w.org\/{rel}","templated":true}]}}