{"id":175,"date":"2018-11-14T10:18:46","date_gmt":"2018-11-14T10:18:46","guid":{"rendered":"https:\/\/themes.getmotopress.com\/palmeria\/?page_id=175"},"modified":"2022-03-29T21:20:20","modified_gmt":"2022-03-29T18:20:20","slug":"terms-conditions","status":"publish","type":"page","link":"https:\/\/southpoint.fi\/?page_id=175","title":{"rendered":"Terms &#038; Conditions"},"content":{"rendered":"\n<h2 class=\"wp-block-heading\">South Point Lomakodit Oy:n varausehdot<\/h2>\n\n\n\n<p><br>South Point Lomakodit Oy noudattaa lomahuoneistojen (my\u00f6hemmin lomakohteen) vuokrauksessa n\u00e4it\u00e4 sopimusehtoja.\u00a0N\u00e4m\u00e4 ehdot sitovat kumpaakin osapuolta sen j\u00e4lkeen, kun asiakas on maksanut South Point Lomakodeille\u00a0sopimusehdoissa mainitun ennakkomaksun tai ennakkomaksun ja loppusuorituksen yhdell\u00e4 kertaa.<\/p>\n\n\n\n<h3 class=\"wp-block-heading\">Varauksen tekeminen ja maksu<\/h3>\n\n\n\n<p>Varauksen tekij\u00e4n tulee olla varausta tehdess\u00e4\u00e4n t\u00e4ysi-ik\u00e4inen ja 21 vuotta t\u00e4ytt\u00e4nyt.<\/p>\n\n\n\n<p>Varauksen voi tehd\u00e4 netiss\u00e4, jolloin vahvistus varauksesta l\u00e4hetet\u00e4\u00e4n asiakkaan s\u00e4hk\u00f6postiin heti. Kokonaishintaan sis\u00e4ltyy toimitusmaksu 20\u20ac. Asiakkaan tulee maksaa v\u00e4hint\u00e4\u00e4n ennakkomaksu (20 % lomakohteen vuokrasta ja toimitusmaksu 20\u20ac) varauksen yhteydess\u00e4 verkkopankissa. Loppulasku l\u00e4hetet\u00e4\u00e4n asiakkaan s\u00e4hk\u00f6postiin&nbsp;varauksen tekoa seuraavana arkip\u00e4iv\u00e4n\u00e4. Asiakas voi my\u00f6s maksaa varauksen kokonaisuudessaan heti, jolloin vahvistus, lomakohteen omistaja-\/huoltajatiedot ja ajo-ohje lomakohteeseen l\u00e4hetet\u00e4\u00e4n asiakkaan s\u00e4hk\u00f6postiin heti. Varaus on vahvistettu, kun asiakas on maksanut ennakkomaksun (20 % lomakohteen vuokrasta ja kokonaishintaan sis\u00e4ltyv\u00e4n toimitusmaksun 20\u20ac) er\u00e4p\u00e4iv\u00e4\u00e4n menness\u00e4 tai koko varauksen summan kerralla.<\/p>\n\n\n\n<p>Varauksen voi tehd\u00e4 my\u00f6s South Point Lomakodit Oy:n asiakaspalvelun kautta, jonka j\u00e4lkeen asiakkaalle l\u00e4hetet\u00e4\u00e4n lasku s\u00e4hk\u00f6postilla.<\/p>\n\n\n\n<p>Kaikki laskuun liittyv\u00e4t huomautukset on ilmoitettava 7 vuorokauden sis\u00e4ll\u00e4 laskun p\u00e4iv\u00e4yksest\u00e4. Lasku maksetaan SEPA-maksuna (IBAN-tilinumero ja pankin BIC-koodi) laskussa olevaa viitenumeroa k\u00e4ytt\u00e4en.<br>Laskussa on ohjeet E-avaimesta, lomakohteen huoltajan tai omistajan nimi ja yhteystiedot, sek\u00e4 ajo-ohje lomakohteeseen.<\/p>\n\n\n\n<p>Loppulasku maksetaan viimeist\u00e4\u00e4n viisi (5) viikkoa ennen loman alkua.<br>Mik\u00e4li varauksen alkuun on alle 5 viikkoa, maksetaan koko summa kerralla. Mik\u00e4li varauksen alkuun on 35 vuorokautta tai v\u00e4hemm\u00e4n, maksetaan koko summa v\u00e4litt\u00f6m\u00e4sti samana p\u00e4iv\u00e4n\u00e4.<br>Mik\u00e4li asiakas ei hoida maksuja ajallaan, South Point Lomakodit Oy voi peruuttaa varauksen ilman erillist\u00e4 ilmoitusta.<\/p>\n\n\n\n<h3 class=\"wp-block-heading\">Varauksen peruuttaminen ja muuttaminen<\/h3>\n\n\n\n<p>Peruutus on aina teht\u00e4v\u00e4 kirjallisesti s\u00e4hk\u00f6postilla osoitteeseen info@southpoint.fi. Peruutus katsotaan tapahtuneeksi sill\u00e4 hetkell\u00e4, jolloin tieto peruutuksesta on tullut South Point Lomakodit Oy:lle. Toimistoajan (ma-pe 8.30-17) ulkopuolella ilmoitettu peruutus katsotaan tapahtuneeksi seuraavana toimistop\u00e4iv\u00e4n\u00e4.<\/p>\n\n\n\n<p>Jos asiakas peruuttaa varauksen, ei ennakkomaksun osuutta (20 prosenttia lomakohteen vuokrasta ja kokonaishintaan sis\u00e4ltyv\u00e4\u00e4 20 euron toimitusmaksua) palauteta. Mik\u00e4li varaus peruutetaan muusta syyst\u00e4 kuin alla mainitusta syyst\u00e4 my\u00f6hemmin kuin 28 vuorokautta ennen vuokrauksen alkua tai sen aikana, ei asiakkaan suorittamia maksuja palauteta lainkaan.<\/p>\n\n\n\n<h3 class=\"wp-block-heading\">Peruutukset ja korvaukset sairaus-, tapaturma tai kuolemantapauksissa\u00a0<\/h3>\n\n\n\n<p>Matkustajalla on henkil\u00f6kohtainen matkavakuutus, joka mahdollisesti korvaa peruutuksen\u00a0ja keskeytt\u00e4misen asiakkaan tai asiakkaan l\u00e4hiomaisen \u00e4killisen sairauden, tapaturman tai kuolemantapauksen sattuessa, joka pakottavasti est\u00e4\u00e4 matkalle l\u00e4hd\u00f6n tai aiheuttaa keskeytyksen. Majoituspalveluyrityksell\u00e4 ei ole peruutusvakuutusta. <\/p>\n\n\n\n<p>HUOM:\u00a0Jos varaus perutaan em. syist\u00e4, on siit\u00e4 aina ilmoitettava heti kirjallisesti South Point Lomakodeille (s\u00e4hk\u00f6posti). Jos varaus keskeytet\u00e4\u00e4n em. syist\u00e4 on siit\u00e4 aina ilmoitettava v\u00e4litt\u00f6m\u00e4sti kohteen omistajalle tai huoltajalle, sek\u00e4 kirjallisesti South Point Lomakodeille (s\u00e4hk\u00f6posti).<\/p>\n\n\n\n<p>Mik\u00e4li asiakas muuttaa varausta ( loman ajankohtaa, lis\u00e4palveluja tai henkil\u00f6m\u00e4\u00e4r\u00e4\u00e4), on oikeus peri\u00e4 t\u00e4st\u00e4 aiheutuvina muutoskuluina 40 euroa. <\/p>\n\n\n\n<p>Muutos on teht\u00e4v\u00e4 viimeist\u00e4\u00e4n viisi (5) viikkoa ennen varausajankohdan alkua. T\u00e4t\u00e4 my\u00f6hemmin tehtyj\u00e4 muutoksia pidet\u00e4\u00e4n aikaisemman varauksen peruutuksena ja uutena varauksena. <\/p>\n\n\n\n<p>Jos lomakohdetta ei oteta vastaan tai se otetaan vastaan my\u00f6h\u00e4styneen\u00e4, asiakkaalla ei ole oikeutta vuokran palautukseen. <\/p>\n\n\n\n<p>Jos asiakas keskeytt\u00e4\u00e4 varauksensa ja poistuu lomakohteesta ennen vuokra-ajan p\u00e4\u00e4ttymist\u00e4, ei k\u00e4ytt\u00e4m\u00e4tt\u00e4 j\u00e4\u00e4neelt\u00e4 ajalta makseta korvausta eik\u00e4 asiakas ole oikeutettu vuokranpalautukseen.<\/p>\n\n\n\n<h3 class=\"wp-block-heading\">Peruutukset\u00a0 maailmanlaajuisen tai paikallisen COVID-19 (koronavirus) epidemian tai pandemian aiheuttamien matkustusrajoitusten johdosta<\/h3>\n\n\n\n<p>Mik\u00e4li varaus peruutetaan my\u00f6hemmin kuin 28 vuorokautta ennen vuokrauksen alkua tai sen aikana sen perusteella,\u00a0ett\u00e4\u00a0asiakas\u00a0ei p\u00e4\u00e4se saapumaan majoituspaikkaan varauksen ajankohtana sen takia, ett\u00e4 asiakkaan l\u00e4ht\u00f6maan valtio tai Suomi majoituspaikan sijaintivaltiona ovat asettaneet matkustusrajoituksia epidemian tai pandemian takia,\u00a0ei asiakkaan suorittamia maksuja palauteta lainkaan.\u00a0Matkustusrajoitukset eiv\u00e4t muodosta Force Majeure \u2013 tilannetta, koska epidemiassa \/ pandemiassa asetettavat kansainv\u00e4liset \/ kansalliset matkustusrajoitukset eiv\u00e4t ole ennakoimattomia.\u00a0\u00a0<\/p>\n\n\n\n<p>Varatessaan huoneiston asiakas ymm\u00e4rt\u00e4\u00e4 ja sitoutuu siihen, ett\u00e4\u00a0peruutukseen ja saapumatta j\u00e4\u00e4miseen sovelletaan\u00a0em. tilanteissa (pandemia\/ epidemia) South Point Lomakodit Oy:n\u00a0normaaleja varaus- ja peruutusehtoja.\u00a0<\/p>\n\n\n\n<p>Yll\u00e4 todettua sovelletaan my\u00f6s siin\u00e4 tapauksessa, ett\u00e4 asiakas ei p\u00e4\u00e4se Suomeen lentojen peruuntumisen tai aikataulujen muuttumisen takia.\u00a0\u00a0Varatessaan huoneiston\u00a0asiakas\u00a0on tietoinen, ett\u00e4\u00a0lentoyhti\u00f6t voivat peruuttaa ja muuttaa aikataulujaan\u00a0epidemian tai pandemian takia eik\u00e4 kyseess\u00e4 ole ylivoimainen este, koska kyse ei ole ennakoimattomasta tilanteesta.<\/p>\n\n\n\n<h3 class=\"wp-block-heading\">South Point lomakodin oikeus peruuttaa varaus<\/h3>\n\n\n\n<p>Mik\u00e4li kyseess\u00e4 on ylivoimainen este (force majeure), South Point Lomakodit voi peruuttaa varauksen. Asiakkaalla on t\u00e4ll\u00f6in oikeus saada South Point Lomakodeille maksamansa summa takaisin kokonaisuudessaan. <\/p>\n\n\n\n<p>Jos varaus joudutaan\u00a0keskeytt\u00e4m\u00e4\u00e4n asiakkaan tai asiakkaan vieraan\u00a0h\u00e4iri\u00f6k\u00e4ytt\u00e4ytymisen takia, niin maksuja ei palauteta. <\/p>\n\n\n\n<p>Mik\u00e4li asiakas ei hoida maksuja ajallaan, voi South Point Lomakodit peruuttaa varauksen ilman erillist\u00e4 ilmoitusta.<br><\/p>\n\n\n\n<h3 class=\"wp-block-heading\">Palvelutiedot lomakohteen kuvauksessa<\/h3>\n\n\n\n<p>Lomakohteen kuvauksessa on mainintoja l\u00e4hialueen palveluista (esim. rautatieasema, bussipys\u00e4kki, ravintola, kauppa, hiihtohissi jne.). South Point Lomakodit ei vastaa lomakohteeseen kuulumattomien yleisten palveluiden tiedoista eik\u00e4 niiden saatavuudesta.<\/p>\n\n\n\n<h3 class=\"wp-block-heading\">Oleskelu lomakohteessa<\/h3>\n\n\n\n<p>Lomakohde on asiakkaan k\u00e4ytett\u00e4viss\u00e4 yleisimmin tulop\u00e4iv\u00e4st\u00e4 klo 16 alkaen.\u00a0 Lomakohteen ja avainten kohdekohtaisesta luovutuskellonajasta on maininta laskun ajo-ohjesivulla\/varausvahvistuksessa, jonka asiakas on velvollinen tarkastamaan.<\/p>\n\n\n\n<p>Lomakohde ja sen E-avaimet luovutetaan asiakkaalle h\u00e4nen etuk\u00e4teen joko puhelimitse tai kirjallisesti ilmoittamanaan arvioituna saapumisajankohtana. Jos asiakas ei p\u00e4\u00e4se tulemaan ilmoitettuna ajankohtana tai h\u00e4n ei ilmoita lainkaan tuloaikaansa, Lomakodit ei voi taata E-avainten luovutusta.<\/p>\n\n\n\n<p>Vuokraan sis\u00e4ltyy varatun lomakohteen k\u00e4ytt\u00f6oikeus varatulle ajalle. Normaalit energiakulut, kalusteet, keitto- ja ruokailuastiat, ruokailuv\u00e4lineet, patjat, peitot ja tyynyt sis\u00e4ltyv\u00e4t hintaan.<\/p>\n\n\n\n<p>Astianpesuaineet, perusmausteet sek\u00e4 wc- ja talouspaperit eiv\u00e4t sis\u00e4lly vuokrahintaan.<\/p>\n\n\n\n<p>Lakanat ja pyyhkeet eiv\u00e4t sis\u00e4lly vuokraan. Asiakkaan on k\u00e4ytett\u00e4v\u00e4 lakanoita. Lakanat ja pyyhkeet voi tilata varauksen yhteydess\u00e4 lis\u00e4hintaan. Asiakkaan tulee varmistaa lakanoiden ja pyyhkeiden saatavuus ennakkoon asiakaspalvelusta.<\/p>\n\n\n\n<p>Lomakohteen siivouksesta loman aikana huolehtii asiakas itse.<\/p>\n\n\n\n<p>Lomakohdetta saa k\u00e4ytt\u00e4\u00e4 enimmill\u00e4\u00e4n se henkil\u00f6m\u00e4\u00e4r\u00e4, joka on ilmoitettu lomakohteen kuvauksessa vuodepaikkam\u00e4\u00e4r\u00e4n\u00e4 tai mit\u00e4 lomakohdetta varattaessa on sovittu. Juhlista ja muista tilaisuuksista, joissa lomakohteen henkil\u00f6m\u00e4\u00e4r\u00e4 tilap\u00e4isesti ylittyy, tulee sopia ennakkoon Lomakotien, huoltajan tai omistajan kanssa. Teltan, asuntovaunun tai vuokrattavien v\u00e4lineiden (esim. kylpypalju) k\u00e4ytt\u00f6 lomakohteen tontilla on kielletty. Tupakointi on kielletty kaikissa lomakohteen sis\u00e4tiloissa. Lomakohteen taloyhti\u00f6ss\u00e4 on voimassa y\u00f6aikaan nk. yleinen hiljaisuus, jota asiakkaan tulee noudattaa.<\/p>\n\n\n\n<p>Lemmikkiel\u00e4imen tuominen lomakohteeseen on kielletty.<\/p>\n\n\n\n<p>S\u00e4hk\u00f6auton ja hybridiauton lataaminen on sallittu ainoastaan taloyhti\u00f6n pihan latausasemalla. Lataamisesta voidaan peri\u00e4 lis\u00e4maksu.<\/p>\n\n\n\n<h3 class=\"wp-block-heading\">Asiakkaan velvollisuudet ja lomakohteen luovutus l\u00e4ht\u00f6p\u00e4iv\u00e4n\u00e4<\/h3>\n\n\n\n<p>Asiakas luovuttaa lomakohteen ja sen avaimet l\u00e4ht\u00f6p\u00e4iv\u00e4n\u00e4 klo 12. Lomakohteen ja avainten kohdekohtaisesta luovutuskellonajasta on maininta laskun ajo-ohjesivulla \/ varausvahvistuksessa,\u00a0jonka asiakas on velvollinen tarkastamaan.\u00a0\u00a0<\/p>\n\n\n\n<p>Asiakas on vastuussa lomakohteessa aiheuttamistaan vahingoista. Aiheutuneesta vahingosta on heti ilmoitettava lomakohteen huoltajalle tai omistajalle. Asiakas on velvollinen korvaamaan aiheuttamansa vahingot lomakohteen huoltajalle, omistajalle tai South Point Lomakodeille.<\/p>\n\n\n\n<p>Lomakohteen siivouksesta loman lopussa huolehtii asiakas itse, ellei lomakohteen kuvauksessa toisin mainita. Loppusiivouksen voi tilata varauksen yhteydess\u00e4.<\/p>\n\n\n\n<p>Loppusiivoukseen kuuluu, ett\u00e4 astiat tiskataan ja laitetaan paikalleen, roskat vied\u00e4\u00e4n j\u00e4tepisteeseen, tyhj\u00e4t juomapullot ja \u2013 t\u00f6lkit vied\u00e4\u00e4n pois, huonekalut laitetaan paikoilleen. Ruokatarvikkeet vied\u00e4\u00e4n pois tai ne vied\u00e4\u00e4n j\u00e4tepisteeseen. Matot ja lattiat imuroidaan. Lattiat pyyhit\u00e4\u00e4n kostealla mopilla, p\u00f6yd\u00e4t ja tasot pyyhit\u00e4\u00e4n kostealla liinalla, vuodevaatteet tuuletetaan ulkona, sauna sek\u00e4 WC pest\u00e4\u00e4n. Piha-alue ja grillipaikka j\u00e4tet\u00e4\u00e4n siistiin kuntoon. Loppusiivous tulee tehd\u00e4 kokonaisuudessaan vasta l\u00e4ht\u00f6p\u00e4iv\u00e4n\u00e4.<\/p>\n\n\n\n<p>Tilattuun loppusiivoukseen tai lomakohteen vuokrahintaan sis\u00e4ltyv\u00e4\u00e4n loppusiivoukseen ei sis\u00e4lly astioiden tiskaus, astioiden paikalleen laitto ja roskien vienti. Lis\u00e4ksi asiakkaan on viet\u00e4v\u00e4 tyhj\u00e4t pullot ja t\u00f6lkit pois ja laitettava huonekalut paikoilleen. Ruokatarvikkeet on viet\u00e4v\u00e4 pois tai ne on viet\u00e4v\u00e4 j\u00e4tepisteeseen.<\/p>\n\n\n\n<p>Mik\u00e4li asiakas on vuokrannut lakanat ja pyyhkeet tai ne sis\u00e4ltyv\u00e4t vuokrahintaan, tulee ne j\u00e4tt\u00e4\u00e4 pinoon s\u00e4ngyn p\u00e4\u00e4lle.<\/p>\n\n\n\n<p>Tupakointi on kielletty kaikissa lomakohteen sis\u00e4tiloissa. Lomakohde on poistuttaessa j\u00e4tett\u00e4v\u00e4 siistiin kuntoon. Asiakas on velvollinen maksamaan lomakohteen siivoamisesta aiheutuvat kulut siin\u00e4 tapauksessa, ett\u00e4 lomakohteen sis\u00e4tiloissa on tupakoitu tai siivousta ei ole suoritettu tai se on suoritettu puutteellisesti ja lomakohteen huoltaja\/omistaja joutuu huolehtimaan siit\u00e4 ennen seuraavan asiakkaan saapumista.<\/p>\n\n\n\n<h3 class=\"wp-block-heading\">Ylivoimainen este<\/h3>\n\n\n\n<p>South Point lomakodit ei vastaa sellaisesta asiakkaalle aiheutuneesta vahingosta, joka aiheutuu ennalta arvaamattomasta ylivoimaisesta esteest\u00e4 (force majeure) tai vastaavasta syyst\u00e4 (esim. s\u00e4hk\u00f6katkot tai luonnonilmi\u00f6t kuten lev\u00e4esiintym\u00e4t, tai el\u00e4imet, kuten hiiret ja hy\u00f6nteiset), joka ei ole johtunut South Point lomakodit ja jonka seurauksia ei kohtuudella ole voinut est\u00e4\u00e4. <\/p>\n\n\n\n<p>South Point lomakodit ei my\u00f6sk\u00e4\u00e4n vastaa vahingoista tai seurauksista, jotka aiheutuvat normaaleista luonnonilmi\u00f6ist\u00e4.<\/p>\n\n\n\n<h3 class=\"wp-block-heading\">Huomautukset ja valitukset<\/h3>\n\n\n\n<p>Kaikki lomakohteeseen liittyv\u00e4t huomautukset ja valitukset on osoitettava viipym\u00e4tt\u00e4 niiden aiheen ilmaannuttua ja varauksen aikana suoraan lomakohteen omistajalle tai huoltajalle.<\/p>\n\n\n\n<p>Mik\u00e4li asia ei viel\u00e4k\u00e4\u00e4n tule korjatuksi, asiakas voi tehd\u00e4 kirjallisen valituksen South Point Lomakodeille. T\u00e4m\u00e4 tulee tehd\u00e4 kuukauden kuluessa varauksen p\u00e4\u00e4ttymisest\u00e4. Jos asiakas ja South Point Lomakodit eiv\u00e4t p\u00e4\u00e4se asiassa yhteisymm\u00e4rrykseen, asiakas voi saattaa asian kuluttajariitalautakunnan (<a href=\"http:\/\/www.kuluttajariita.fi\">www.kuluttajariita.fi<\/a>) ratkaistavaksi. T\u00e4t\u00e4 ennen asiakkaan tulee olla yhteydess\u00e4 kuluttajaneuvontaan (<a href=\"http:\/\/www.kuluttajaneuvonta.fi\">www.kuluttajaneuvonta.fi<\/a>). Asiaa koskevan lains\u00e4\u00e4d\u00e4nn\u00f6n mukaan kuluttajariitalautakunta voi j\u00e4tt\u00e4\u00e4 valituksen k\u00e4sittelem\u00e4tt\u00e4, jos kuluttaja ei ole ensin ollut yhteydess\u00e4 kuluttajaneuvontaan.<\/p>\n\n\n\n<p>Jos asiakas ei ilmoita havaitsemiaan puutteita heti vuokra-aikana huoltajalle tai omistajalle, katsotaan lomakohteen olevan sopimuksen mukaisessa kunnossa. Vasta vuokra-ajan j\u00e4lkeen ilmoitettuja puutteita ei voida yhdess\u00e4 todeta, eik\u00e4 South Point Lomakodit ole niist\u00e4 korvausvelvollinen.<\/p>\n\n\n\n<p>Jos asiakas keskeytt\u00e4\u00e4 varauksensa ja poistuu lomakohteesta ennen vuokra-ajan p\u00e4\u00e4ttymist\u00e4, ei k\u00e4ytt\u00e4m\u00e4tt\u00e4 j\u00e4\u00e4neelt\u00e4 ajalta makseta korvausta eik\u00e4 asiakas ole oikeutettu vuokranpalautukseen.<\/p>\n\n\n\n<h3 class=\"wp-block-heading\">South Point Lomakotien oikeus hintojen muutoksiin<\/h3>\n\n\n\n<p>Sopimuksen syntymisen j\u00e4lkeen on oikeus korottaa ja vastaavasti velvollisuus alentaa sovittua hintaa, jos majoituslomapalvelun hintaan vaikuttavat verot tai julkiset maksut muuttuvat.<\/p>\n\n\n\n<h3 class=\"wp-block-heading\">Virheellinen hintatieto<\/h3>\n\n\n\n<p>Virheellinen hintatieto ei sido South Point Lomakoteja jos hinta on niin selv\u00e4sti virheellinen, ett\u00e4 asiakkaankin pit\u00e4\u00e4 se ymm\u00e4rt\u00e4\u00e4. T\u00e4llainen tilanne on esimerkiksi silloin, jos ero ilmoitetun hinnan ja todellisen hinnan v\u00e4lill\u00e4 on huomattavan suuri tai v\u00e4\u00e4r\u00e4\u00e4 hintaa voidaan pit\u00e4\u00e4 poikkeuksellisen alhaisena yleiseen hintatasoon verrattuna.<\/p>\n\n\n\n<h3 class=\"wp-block-heading\">Sovellettava laki ja riitojen oikeuspaikka<\/h3>\n\n\n\n<p>Sopijapuolet pyrkiv\u00e4t ratkaisemaan sopimuksesta syntyneet riidat keskin\u00e4isin neuvotteluin. Mik\u00e4li neuvotteluissa ei p\u00e4\u00e4st\u00e4 sopimukseen, riidat ratkaistaan Oulun k\u00e4r\u00e4j\u00e4oikeudessa. Sopimukseen sovelletaan Suomen lakia.<\/p>\n","protected":false},"excerpt":{"rendered":"<p>South Point Lomakodit Oy:n varausehdot South Point Lomakodit Oy noudattaa lomahuoneistojen (my\u00f6hemmin lomakohteen) vuokrauksessa n\u00e4it\u00e4 sopimusehtoja.\u00a0N\u00e4m\u00e4 ehdot sitovat kumpaakin osapuolta sen j\u00e4lkeen, kun asiakas on maksanut South Point Lomakodeille\u00a0sopimusehdoissa mainitun ennakkomaksun tai ennakkomaksun ja loppusuorituksen yhdell\u00e4 kertaa. Varauksen tekeminen ja maksu Varauksen tekij\u00e4n tulee olla varausta tehdess\u00e4\u00e4n t\u00e4ysi-ik\u00e4inen ja 21 vuotta t\u00e4ytt\u00e4nyt. Varauksen voi tehd\u00e4 [&hellip;]<\/p>\n","protected":false},"author":1,"featured_media":0,"parent":0,"menu_order":0,"comment_status":"closed","ping_status":"closed","template":"","meta":{"footnotes":""},"class_list":["post-175","page","type-page","status-publish","hentry"],"_links":{"self":[{"href":"https:\/\/southpoint.fi\/index.php?rest_route=\/wp\/v2\/pages\/175","targetHints":{"allow":["GET"]}}],"collection":[{"href":"https:\/\/southpoint.fi\/index.php?rest_route=\/wp\/v2\/pages"}],"about":[{"href":"https:\/\/southpoint.fi\/index.php?rest_route=\/wp\/v2\/types\/page"}],"author":[{"embeddable":true,"href":"https:\/\/southpoint.fi\/index.php?rest_route=\/wp\/v2\/users\/1"}],"replies":[{"embeddable":true,"href":"https:\/\/southpoint.fi\/index.php?rest_route=%2Fwp%2Fv2%2Fcomments&post=175"}],"version-history":[{"count":3,"href":"https:\/\/southpoint.fi\/index.php?rest_route=\/wp\/v2\/pages\/175\/revisions"}],"predecessor-version":[{"id":1027,"href":"https:\/\/southpoint.fi\/index.php?rest_route=\/wp\/v2\/pages\/175\/revisions\/1027"}],"wp:attachment":[{"href":"https:\/\/southpoint.fi\/index.php?rest_route=%2Fwp%2Fv2%2Fmedia&parent=175"}],"curies":[{"name":"wp","href":"https:\/\/api.w.org\/{rel}","templated":true}]}}